{"id":78,"date":"2025-04-07T17:28:19","date_gmt":"2025-04-07T15:28:19","guid":{"rendered":"https:\/\/wordpress2441988.home.pl\/autoinstalator\/wordpresswoocommerce\/index.php\/galerie-klientow\/konto\/"},"modified":"2025-04-07T17:28:19","modified_gmt":"2025-04-07T15:28:19","slug":"konto","status":"publish","type":"page","link":"https:\/\/www.zamowienia.kolabo.pro\/index.php\/galerie-klientow\/konto\/","title":{"rendered":"Konto"},"content":{"rendered":"<div id=\"sunshine--account--login-signup\">\n\n\t\n\t<div id=\"sunshine--account--login\">\n\t\t<div id=\"sunshine--account--login-form\">\n\n\t\n\t<div class=\"sunshine--account--login--title sunshine--modal--title\">Zaloguj si\u0119<\/div>\n\n\t<form method=\"post\" action=\"\" class=\"sunshine--form--fields\">\n\t\t<input type=\"hidden\" id=\"sunshine_login\" name=\"sunshine_login\" value=\"34c38aba19\" \/><input type=\"hidden\" name=\"_wp_http_referer\" value=\"\/index.php\/wp-json\/wp\/v2\/pages\/78\" \/>\t\t<div class=\"sunshine--form--field\">\n\t\t\t<label for=\"sunshine-login-email\">Adres e-mail<\/label>\n\t\t\t<input type=\"email\" name=\"sunshine_login_email\" id=\"sunshine-login-email\" required=\"required\" \/>\n\t\t<\/div>\n\t\t<div class=\"sunshine--form--field\">\n\t\t\t<label for=\"sunshine-login-password\">Has\u0142o<\/label>\n\t\t\t<input type=\"password\" name=\"sunshine_login_password\" id=\"sunshine-login-password\" required=\"required\" \/>\n\t\t<\/div>\n\t\t<div class=\"sunshine--form--field sunshine--furl\" aria-hidden=\"true\">\n\t\t\t<label for=\"sunshine-login-website\">Strona internetowa<\/label>\n\t\t\t<input type=\"text\" name=\"sunshine_login_website\" id=\"sunshine-login-website\" autocomplete=\"off\" tabindex=\"-1\" \/>\n\t\t<\/div>\n\t\t\t\t<div class=\"sunshine--form--field sunshine--form--field-submit\">\n\t\t\t<button type=\"submit\" class=\"button sunshine--button\">Zaloguj si\u0119<\/button>\n\t\t\t<div class=\"sunshine--form--field--desc sunshine--account--reset-password-toggle\"><a href=\"#password\" onclick=\"jQuery( '#sunshine--account--login-form, #sunshine--account--reset-password-form' ).toggle(); return false;\">Zapomnia\u0142e\u015b has\u0142a?<\/a><\/div>\n\t\t<\/div>\n\t\t\t<\/form>\n\n<\/div>\n\n<div id=\"sunshine--account--reset-password-form\" style=\"display: none;\">\n\t<div class=\"sunshine--account--login--title sunshine--modal--title\">Resetuj has\u0142o<\/div>\n\t<form method=\"post\" action=\"\" class=\"sunshine--form--fields\">\n\t\t<input type=\"hidden\" id=\"sunshine_reset_password_nonce\" name=\"sunshine_reset_password_nonce\" value=\"a79fdac4fa\" \/><input type=\"hidden\" name=\"_wp_http_referer\" value=\"\/index.php\/wp-json\/wp\/v2\/pages\/78\" \/>\t\t<div class=\"sunshine--form--field\">\n\t\t\t<label for=\"sunshine-reset-password-email\">Adres e-mail<\/label>\n\t\t\t<input type=\"email\" name=\"sunshine_reset_password_email\" id=\"sunshine-reset-password-email\" required=\"required\" autocomplete=\"email\" \/>\n\t\t\t<div class=\"sunshine--form--field--desc\">Na ten adres zostanie wys\u0142ana wiadomo\u015b\u0107 e-mail z instrukcjami dotycz\u0105cymi resetowania has\u0142a<\/div>\n\t\t<\/div>\n\t\t<div class=\"sunshine--form--field sunshine--furl\" aria-hidden=\"true\">\n\t\t\t<label for=\"sunshine-reset-website\">Strona internetowa<\/label>\n\t\t\t<input type=\"text\" name=\"sunshine_reset_website\" id=\"sunshine-reset-website\" autocomplete=\"off\" tabindex=\"-1\" \/>\n\t\t<\/div>\n\t\t\t\t<div class=\"sunshine--form--field sunshine--form--field-submit\">\n\t\t\t<button type=\"submit\" class=\"button sunshine--button\">Nowe has\u0142o<\/button>\n\t\t\t<div class=\"sunshine--form--field--desc sunshine--account--reset-password-toggle\"><a href=\"#password\" onclick=\"jQuery( '#sunshine--account--login-form, #sunshine--account--reset-password-form' ).toggle(); return false;\">Powr\u00f3t do logowania<\/a><\/div>\n\t\t<\/div>\n\t<\/form>\n<\/div>\n\t<\/div>\n\n\t\t<div id=\"sunshine--account--signup\">\n\t\t<div class=\"sunshine--account--login--title sunshine--modal--title\">Zarejestruj si\u0119<\/div>\n<form method=\"post\" action=\"\" id=\"sunshine--account--signup-form\" class=\"sunshine--form--fields\">\n\t<input type=\"hidden\" id=\"sunshine_signup\" name=\"sunshine_signup\" value=\"267e135871\" \/><input type=\"hidden\" name=\"_wp_http_referer\" value=\"\/index.php\/wp-json\/wp\/v2\/pages\/78\" \/>\t<div class=\"sunshine--form--field\">\n\t\t<label for=\"sunshine-signup-email\">Adres e-mail<\/label>\n\t\t<input type=\"email\" name=\"sunshine_signup_email\" id=\"sunshine-signup-email\" required=\"required\" autocomplete=\"email\" \/>\n\t<\/div>\n\t<div class=\"sunshine--form--field\">\n\t\t<label for=\"sunshine-signup-password\">Has\u0142o <\/label>\n\t\t<input type=\"password\" name=\"sunshine_signup_password\" id=\"sunshine-signup-password\" autocomplete=\"new-password\" \n\t\t\t\t\trequired=\"required\" \/>\n\t<\/div>\n\t<div class=\"sunshine--form--field sunshine--form--field-half\">\n\t\t<label for=\"sunshine-signup-first-name\">Imi\u0119 <\/label>\n\t\t<input type=\"text\" name=\"sunshine_signup_first_name\" id=\"sunshine-signup-first-name\" autocomplete=\"given-name\" \/>\n\t<\/div>\n\t<div class=\"sunshine--form--field sunshine--form--field-half\">\n\t\t<label for=\"sunshine-signup-last-name\">Nazwisko <\/label>\n\t\t<input type=\"text\" name=\"sunshine_signup_last_name\" id=\"sunshine-signup-last-name\" autocomplete=\"family-name\" \n\t\t\t\t\trequired=\"required\" \/>\n\t<\/div>\n\t\t<div class=\"sunshine--form--field sunshine--furl\" aria-hidden=\"true\">\n\t\t<label for=\"sunshine-signup-website\">Strona internetowa<\/label>\n\t\t<input type=\"text\" name=\"sunshine_signup_website\" id=\"sunshine-signup-website\" autocomplete=\"off\" tabindex=\"-1\" \/>\n\t<\/div>\n\t\t<div class=\"sunshine--form--field sunshine--form--field-submit\">\n\t\t<button type=\"submit\" class=\"sunshine--button\">Utw\u00f3rz konto<\/button>\n\t<\/div>\n\t<\/form>\n\t<\/div>\n\t\n<\/div>\n\n","protected":false},"excerpt":{"rendered":"","protected":false},"author":1,"featured_media":0,"parent":77,"menu_order":0,"comment_status":"closed","ping_status":"closed","template":"","meta":{"_et_pb_use_builder":"","_et_pb_old_content":"","_et_gb_content_width":"","footnotes":""},"class_list":["post-78","page","type-page","status-publish","hentry"],"jetpack_sharing_enabled":true,"_links":{"self":[{"href":"https:\/\/www.zamowienia.kolabo.pro\/index.php\/wp-json\/wp\/v2\/pages\/78","targetHints":{"allow":["GET"]}}],"collection":[{"href":"https:\/\/www.zamowienia.kolabo.pro\/index.php\/wp-json\/wp\/v2\/pages"}],"about":[{"href":"https:\/\/www.zamowienia.kolabo.pro\/index.php\/wp-json\/wp\/v2\/types\/page"}],"author":[{"embeddable":true,"href":"https:\/\/www.zamowienia.kolabo.pro\/index.php\/wp-json\/wp\/v2\/users\/1"}],"replies":[{"embeddable":true,"href":"https:\/\/www.zamowienia.kolabo.pro\/index.php\/wp-json\/wp\/v2\/comments?post=78"}],"version-history":[{"count":0,"href":"https:\/\/www.zamowienia.kolabo.pro\/index.php\/wp-json\/wp\/v2\/pages\/78\/revisions"}],"up":[{"embeddable":true,"href":"https:\/\/www.zamowienia.kolabo.pro\/index.php\/wp-json\/wp\/v2\/pages\/77"}],"wp:attachment":[{"href":"https:\/\/www.zamowienia.kolabo.pro\/index.php\/wp-json\/wp\/v2\/media?parent=78"}],"curies":[{"name":"wp","href":"https:\/\/api.w.org\/{rel}","templated":true}]}}